{"id":3218,"date":"2023-11-29T14:03:48","date_gmt":"2023-11-29T14:03:48","guid":{"rendered":"https:\/\/tinthanhholdings.vn\/quan-ly-van-hanh-khai-thac-tai-san\/"},"modified":"2024-05-20T10:24:33","modified_gmt":"2024-05-20T10:24:33","slug":"quan-ly-van-hanh-khai-thac-tai-san","status":"publish","type":"page","link":"https:\/\/tinthanhholdings.vn\/en\/quan-ly-van-hanh-khai-thac-tai-san\/","title":{"rendered":"QU\u1ea2N L\u00dd V\u1eacN H\u00c0NH &#038; KHAI TH\u00c1C T\u00c0I S\u1ea2N"},"content":{"rendered":"","protected":false},"excerpt":{"rendered":"","protected":false},"author":1,"featured_media":2991,"parent":3231,"menu_order":0,"comment_status":"closed","ping_status":"closed","template":"templates\/linh_vuc_chi_tiet.php","meta":[],"acf":[],"_links":{"self":[{"href":"https:\/\/tinthanhholdings.vn\/en\/wp-json\/wp\/v2\/pages\/3218"}],"collection":[{"href":"https:\/\/tinthanhholdings.vn\/en\/wp-json\/wp\/v2\/pages"}],"about":[{"href":"https:\/\/tinthanhholdings.vn\/en\/wp-json\/wp\/v2\/types\/page"}],"author":[{"embeddable":true,"href":"https:\/\/tinthanhholdings.vn\/en\/wp-json\/wp\/v2\/users\/1"}],"replies":[{"embeddable":true,"href":"https:\/\/tinthanhholdings.vn\/en\/wp-json\/wp\/v2\/comments?post=3218"}],"version-history":[{"count":3,"href":"https:\/\/tinthanhholdings.vn\/en\/wp-json\/wp\/v2\/pages\/3218\/revisions"}],"predecessor-version":[{"id":3604,"href":"https:\/\/tinthanhholdings.vn\/en\/wp-json\/wp\/v2\/pages\/3218\/revisions\/3604"}],"up":[{"embeddable":true,"href":"https:\/\/tinthanhholdings.vn\/en\/wp-json\/wp\/v2\/pages\/3231"}],"wp:featuredmedia":[{"embeddable":true,"href":"https:\/\/tinthanhholdings.vn\/en\/wp-json\/wp\/v2\/media\/2991"}],"wp:attachment":[{"href":"https:\/\/tinthanhholdings.vn\/en\/wp-json\/wp\/v2\/media?parent=3218"}],"curies":[{"name":"wp","href":"https:\/\/api.w.org\/{rel}","templated":true}]}}